{"id":1023,"date":"2023-04-12T15:49:41","date_gmt":"2023-04-12T13:49:41","guid":{"rendered":"https:\/\/www.renesg.nl\/rawdrawings\/?page_id=1023"},"modified":"2025-09-05T16:23:25","modified_gmt":"2025-09-05T14:23:25","slug":"cv","status":"publish","type":"page","link":"https:\/\/www.renesg.nl\/rawdrawings\/cv\/","title":{"rendered":"CV"},"content":{"rendered":"\n<p><strong><a href=\"\/rawdrawings\">Back<\/a><\/strong><\/p>\n\n\n\n<p><strong>Opleiding\/ education<\/strong><br>1996-2000 Gerrit Rietveld Academie, afdeling Voorheen Audiovisueel (VAV)<\/p>\n\n\n\n<p><strong>Tentoonstellingen\/ shows\/ opdrachten\/ assignments<\/strong><br>2025<br><a href=\"https:\/\/www.haltpop.nl\" data-type=\"link\" data-id=\"https:\/\/www.haltpop.nl\">Haltpop<\/a> Festival, Koog aan de Zaan, twee bouwhekdoeken geprint met &#8216;<a href=\"https:\/\/www.renesg.nl\/rawdrawings\/haltpop-2025\/\" target=\"_blank\" rel=\"noreferrer noopener\">raw<\/a><a href=\"https:\/\/www.renesg.nl\/rawdrawings\/haltpop-2025\/\"> drawings for Haltpop<\/a>&#8216; (2 x 1,74 x 3,38 m)<\/p>\n\n\n\n<p>2024<br><a href=\"https:\/\/volta-amsterdam.nl\/\" target=\"_blank\" rel=\"noreferrer noopener\">Volta<\/a>, Amsterdam (<a href=\"https:\/\/www.renesg.nl\/rawdrawings\/volta-expo-2024\/\" target=\"_blank\" rel=\"noreferrer noopener\">solotentoonstelling<\/a>)<\/p>\n\n\n\n<p>street art @ <a href=\"https:\/\/www.ndsm.nl\/\" target=\"_blank\" rel=\"noreferrer noopener\">NDSM-werf<\/a>, Amsterdam<\/p>\n\n\n\n<p>2023<br><a href=\"https:\/\/www.renesg.nl\/rawdrawings\/peterlees-design-2023\/\" target=\"_blank\" rel=\"noreferrer noopener\">ontwerp<\/a> hoes EP, singles en poster voor band <a href=\"https:\/\/www.instagram.com\/thepeterlees\/\" target=\"_blank\" rel=\"noreferrer noopener\">The Peterlees<\/a><br><br>street art @ <a href=\"https:\/\/www.ndsm.nl\/\" target=\"_blank\" rel=\"noreferrer noopener\">NDSM-werf<\/a>, Amsterdam<\/p>\n\n\n\n<p>2022<br><a href=\"https:\/\/www.vrijpaleis.nl\/\" target=\"_blank\" rel=\"noreferrer noopener\">Vrij Paleis<\/a>, Amsterdam (<a href=\"https:\/\/www.renesg.nl\/rawdrawings\/vrij-paleis-2023\/\" target=\"_blank\" rel=\"noreferrer noopener\">groepstentoonstelling<\/a>)<br><br>&#8216;<a href=\"http:\/\/www.southexplorer.nl\/\" target=\"_blank\" rel=\"noreferrer noopener\">South Explorer<\/a>&#8216;, Textielfabrique, Rotterdam-Zuid (groepstentoonstelling)<\/p>\n\n\n\n<p>2017-2021<br>overgang van Rene SG naar Rene R.D. <br>tekeningen en schilderijen <em>from speedartrock to speedart<\/em><\/p>\n\n\n\n<p>2004-2018<br><em>Meer dan 350 optredens met speedartrockband <a href=\"https:\/\/www.renesg.nl\/\" target=\"_blank\" rel=\"noreferrer noopener\">Rene SG<\/a> op (pop\/rock)podia in Nederland, Belgi\u00eb, Duitsland, Frankrijk en Zweden waaronder shows bij kunstinstellingen, -evenementen en kunstenaarsinitiatieven zoals:<\/em><br><a href=\"https:\/\/kunstvlaai.nl\/\" target=\"_blank\" rel=\"noreferrer noopener\">Kunstvlaai 5<\/a>, Westergasfabriek, Amsterdam<br>FLOSS Speed, <a href=\"https:\/\/www.vhdg.nl\/\" target=\"_blank\" rel=\"noreferrer noopener\">VHDG<\/a>, Leeuwarden<br>FLOSS International, <a href=\"https:\/\/www.vhdg.nl\/\" target=\"_blank\" rel=\"noreferrer noopener\">VHDG<\/a>, Oldenburg, Duitsland<br><a href=\"https:\/\/kunstvlaai.nl\/\" target=\"_blank\" rel=\"noreferrer noopener\">Kunstvlaai 6<\/a>, Westergasfabriek, Amsterdam<br>&#8216;<a href=\"https:\/\/3voor12.vpro.nl\/artikelen\/overzicht\/2006\/april\/een-momentopname-ter-ere-van-kunstenaar-muzikant-maarten-ploeg.html\" target=\"_blank\" rel=\"noreferrer noopener\">De Gaven van Maarten Ploeg<\/a>&#8216;, Arti et Amicitiae, Amsterdam<br><a href=\"https:\/\/www.mediamatic.net\/\" target=\"_blank\" rel=\"noreferrer noopener\">Mediamatic<\/a>, Amsterdam<br><a href=\"https:\/\/w139.nl\/\" target=\"_blank\" rel=\"noreferrer noopener\">W139<\/a>, Post CS, Amsterdam<br><a href=\"https:\/\/www.stedelijk.nl\/\" target=\"_blank\" rel=\"noreferrer noopener\">Stedelijk Museum<\/a>, RRSMCS (Radio Rietveld @ SMCS), Amsterdam<br><a href=\"https:\/\/www.tac.nu\/\" target=\"_blank\" rel=\"noreferrer noopener\">TAC<\/a>, Eindhoven<br><a href=\"https:\/\/www.instagram.com\/krets_malmo\/\" target=\"_blank\" rel=\"noreferrer noopener\">Krets<\/a>, Malm\u00f6, Zweden<br>&#8216;<a href=\"https:\/\/www.youtube.com\/watch?v=ZITDWM3gT_0\" target=\"_blank\" rel=\"noreferrer noopener\">Motvikt<\/a>&#8216;, Sk\u00e5nes Konstf\u00f6rening, Malm\u00f6, Zweden<br><a href=\"https:\/\/www.butff.nl\/\" target=\"_blank\" rel=\"noreferrer noopener\">BUT Film Festival<\/a>, Breda (BUTFF)<\/p>\n\n\n\n<p>2005<br>&#8216;A4 for 5&#8217;, Public Space With A Roof, <a href=\"https:\/\/www.ot301.nl\/\" target=\"_blank\" rel=\"noreferrer noopener\">OT301<\/a>, Amsterdam (groepstentoonstelling)<\/p>\n\n\n\n<p>2003<br>Red Bull Creativity Contest, Beurs van Berlage, Amsterdam (groepstentoonstelling)<\/p>\n\n\n\n<p>inzending <a href=\"https:\/\/www.renesg.nl\/rawdrawings\/adelbert-college-2003\/\" target=\"_blank\" rel=\"noreferrer noopener\">ontwerp schoolplein<\/a> Adelbert College, Wassenaar<\/p>\n\n\n\n<p>2001<br>optreden Rene VJ bij &#8216;<a href=\"https:\/\/www.defabriekeindhoven.com\/nl\/generator\/opus-kadett\" target=\"_blank\" rel=\"noreferrer noopener\">Opus Kadett<\/a>&#8216;, De Fabriek, Eindhoven (groepstentoonstelling)<\/p>\n\n\n\n<p>&#8216;<a rel=\"noreferrer noopener\" href=\"https:\/\/www.renesg.nl\/pages\/Persbericht.html\" target=\"_blank\">Commando<\/a>&#8216;, Compressieruimte, Tweede Boomdwarsstraat Amsterdam (groepstentoonstelling)<\/p>\n\n\n\n<p>optreden Ren\u00e9 Pers\u00e9 op eindexamenfeest Gerrit Rietveld Academie, Paradiso (kleine zaal), Amsterdam<\/p>\n\n\n\n<p>video &#8216;Cargo&#8217; op de PARK 4DTV-dvd<br>video &#8216;Cargo&#8217; uitgezonden op PARK 4DTV, Berlijn<br>video &#8216;Cargo&#8217; uitgezonden op PARK 4DTV, New York<br>video &#8216;Cargo&#8217; vertoond op videowall tijdens Lowlands 2001, Biddinghuizen<\/p>\n\n\n\n<p>2000<br>\u2018The Unplugged Drawings\u2019, Hotel Winston, Amsterdam (groepstentoonstelling)<\/p>\n\n\n\n<p><a href=\"https:\/\/www.renesg.nl\/rawdrawings\/wp-content\/uploads\/2024\/02\/graduationgra.jpg\" target=\"_blank\" rel=\"noreferrer noopener\">eindexamententoonstelling<\/a>, Gerrit Rietveld Academie, Amsterdam<\/p>\n\n\n\n<p>solotentoonstelling in de&nbsp;<a href=\"https:\/\/rietveldacademie.nl\/en\/page\/496\/eight-cubic-meters\" target=\"_blank\" rel=\"noreferrer noopener\">HEMA-kijkkasten<\/a>, in de zijwand van de&nbsp;HEMA aan de Nieuwendijk in Amsterdam<\/p>\n\n\n\n<p>optreden Ren\u00e9 Pers\u00e9 bij \u2018De 1 Minuten Theater presenteert: Antihelden\u2019, Zeebelt Theater, Den Haag<\/p>\n\n\n\n<p>optreden Ren\u00e9 Pers\u00e9 op Crossing Border 2000, De Melkweg, Amsterdam<\/p>\n\n\n\n<p>optreden Ren\u00e9 Pers\u00e9 support Kopna Kopna, Splotsz, Roelofarendsveen<\/p>\n\n\n\n<p>1998<br>video \u2018<a href=\"https:\/\/www.park.nl\/park_cms\/public\/index.php?thissection_id=17&amp;record=725\" target=\"_blank\" rel=\"noreferrer noopener\">Cargo<\/a>\u2018 uitgezonden op PARK 4DTV, Salto Amsterdam<\/p>\n\n\n\n<p><\/p>\n\n\n\n<p><strong>Publicaties\/ publications<\/strong><br>&#8216;Ploeg is OK&#8217; (2006) *<br>Fret Magazine (2007) artikel &amp; interview Rene SG<\/p>\n\n\n\n<p>* Maarten Ploeg interesseerde zich in zijn laatste jaren liever in jonge, ambitieuze mensen dan dat hij prat ging op zijn eigen roem. Ik herinner me student Rene Kaptijn, thans punkrocker in de hoedanigheid van Rene SG. Rene schilderde en tekende en maakte muziek. Ik weet niet of Rene nog schildert, maar in ieder geval gebruikt hij tegenwoordig voor zijn rockmuziek elementen met dezelfde energie die de kunst van Ploeg kenmerkt: een bijna na\u00efeve manier van cre\u00ebren.<\/p>\n\n\n\n<p><strong><a href=\"\/rawdrawings\">Back<\/a><\/strong><\/p>\n","protected":false},"excerpt":{"rendered":"<p>Back Opleiding\/ education1996-2000 Gerrit Rietveld Academie, afdeling Voorheen Audiovisueel (VAV) Tentoonstellingen\/ shows\/ opdrachten\/ assignments2025Haltpop Festival, Koog aan de Zaan, twee bouwhekdoeken geprint met &#8216;raw drawings for Haltpop&#8216; (2 x 1,74 x 3,38 m) 2024Volta, Amsterdam (solotentoonstelling) street art @ NDSM-werf, Amsterdam 2023ontwerp hoes EP, singles en poster voor band The Peterlees street art @ NDSM-werf,<a class=\"more-link\" href=\"https:\/\/www.renesg.nl\/rawdrawings\/cv\/\">Lees verder <span class=\"screen-reader-text\">&#8220;CV&#8221;<\/span><\/a><\/p>\n","protected":false},"author":1,"featured_media":0,"parent":0,"menu_order":0,"comment_status":"closed","ping_status":"closed","template":"","meta":{"footnotes":""},"class_list":["post-1023","page","type-page","status-publish","hentry","entry"],"_links":{"self":[{"href":"https:\/\/www.renesg.nl\/rawdrawings\/wp-json\/wp\/v2\/pages\/1023","targetHints":{"allow":["GET"]}}],"collection":[{"href":"https:\/\/www.renesg.nl\/rawdrawings\/wp-json\/wp\/v2\/pages"}],"about":[{"href":"https:\/\/www.renesg.nl\/rawdrawings\/wp-json\/wp\/v2\/types\/page"}],"author":[{"embeddable":true,"href":"https:\/\/www.renesg.nl\/rawdrawings\/wp-json\/wp\/v2\/users\/1"}],"replies":[{"embeddable":true,"href":"https:\/\/www.renesg.nl\/rawdrawings\/wp-json\/wp\/v2\/comments?post=1023"}],"version-history":[{"count":74,"href":"https:\/\/www.renesg.nl\/rawdrawings\/wp-json\/wp\/v2\/pages\/1023\/revisions"}],"predecessor-version":[{"id":1641,"href":"https:\/\/www.renesg.nl\/rawdrawings\/wp-json\/wp\/v2\/pages\/1023\/revisions\/1641"}],"wp:attachment":[{"href":"https:\/\/www.renesg.nl\/rawdrawings\/wp-json\/wp\/v2\/media?parent=1023"}],"curies":[{"name":"wp","href":"https:\/\/api.w.org\/{rel}","templated":true}]}}